{"id":396,"date":"2020-03-03T10:18:55","date_gmt":"2020-03-03T10:18:55","guid":{"rendered":"https:\/\/craft-coders.de\/WordPress_SecureMode_01\/?page_id=396"},"modified":"2024-08-16T14:21:27","modified_gmt":"2024-08-16T14:21:27","slug":"references","status":"publish","type":"page","link":"https:\/\/craft-coders.de\/WordPress_SecureMode_01\/references\/","title":{"rendered":"Referenzen"},"content":{"rendered":"<div id=\"cs-content\" class=\"cs-content\"><div class=\"x-section e396-e1 mb0-0 mb0-1 mb0-2\"><div class=\"x-bg\" aria-hidden=\"true\"><div class=\"x-bg-layer-lower-custom\"><picture style=\" object-position: top;\" class=\"sp-no-webp\"><source srcset=\"https:\/\/craft-coders.de\/WordPress_SecureMode_01\/wp-content\/uploads\/2020\/02\/shutterstock_435978301-scaled-e1597335461573.avif\" type=\"image\/avif\"><source srcset=\"https:\/\/craft-coders.de\/WordPress_SecureMode_01\/wp-content\/uploads\/2020\/02\/shutterstock_435978301-scaled-e1597335461573.webp\" type=\"image\/webp\"><source srcset=\"https:\/\/craft-coders.de\/WordPress_SecureMode_01\/wp-content\/uploads\/2020\/02\/shutterstock_435978301-scaled-e1597335461573.jpg\" type=\"image\/jpeg\"><img decoding=\"async\" src=\"https:\/\/craft-coders.de\/WordPress_SecureMode_01\/wp-content\/uploads\/2020\/02\/shutterstock_435978301-scaled-e1597335461573.jpg\" style=\"object-fit: cover; object-position: top;\" class=\"sp-no-webp\" alt=\"Image\" srcset=\"https:\/\/craft-coders.de\/WordPress_SecureMode_01\/wp-content\/uploads\/2020\/02\/shutterstock_435978301-scaled-e1597335461573.jpg\"><\/picture><\/div><\/div><div class=\"x-row e396-e2 mb0-7 mb0-8 mb0-9 mb0-a mb0-b mb0-f mb0-g\"><div class=\"x-row-inner\"><div class=\"x-col e396-e3 mb0-o mb0-p mb0-q mb0-r\"><div class=\"x-text x-content e396-e4 mb0-v mb0-w mb0-x mb0-y\"><h1>Referenzen<\/h1><\/div><div class=\"x-text x-content e396-e5 mb0-w mb0-x mb0-z\"><h2>Machen Sie sich ein Bild unserer Erfahrungen<\/h2><\/div><\/div><\/div><\/div><\/div><div class=\"x-section e396-e6 mb0-0 mb0-1 mb0-3\"><div class=\"x-row x-container max width e396-e7 mb0-7 mb0-9 mb0-a mb0-b mb0-f mb0-h\"><div class=\"x-row-inner\"><div class=\"x-col e396-e8 mb0-p mb0-s\"><div class=\"x-text x-content e396-e9 mb0-v mb0-w mb0-10 mb0-11 mb0-12\"><p>Hier finden Sie eine Auswahl an Projekten, die wir erfolgreich umgesetzt haben. Verschaffen Sie sich einen eigenen Eindruck und kaufen Sie nicht die Katze im Sack. Gerne senden wir Ihnen auf Wunsch weitere Informationen\/Beispiele zu.<\/p><\/div><\/div><\/div><\/div><\/div><div class=\"x-section e396-e10 mb0-0 mb0-1 mb0-3 mb0-4\"><div class=\"x-row x-container max width e396-e11 mb0-7 mb0-9 mb0-b mb0-c mb0-f mb0-i\"><div class=\"x-row-inner\"><div class=\"x-col e396-e12 mb0-p mb0-r\"><span class=\"x-image e396-e13 mb0-16\"><img decoding=\"async\" src=\"https:\/\/craft-coders.de\/WordPress_SecureMode_01\/wp-content\/uploads\/2022\/05\/pflegeschutzbund.jpg\" width=\"1500\" height=\"719\" alt=\"Image\" loading=\"lazy\"><\/span><\/div><div class=\"x-col e396-e14 mb0-p mb0-r\"><div class=\"x-text x-text-headline e396-e15 mb0-17 mb0-18 mb0-19\"><div class=\"x-text-content\"><div class=\"x-text-content-text\"><h2 class=\"x-text-content-text-primary\">Biva.de<\/h2><\/div><\/div><\/div><div class=\"x-text x-content e396-e16 mb0-w mb0-10 mb0-12 mb0-13\">Seit Jahren arbeiten wir vertrauensvoll mit dem BIVA-Pflegeschutzbund zusammen. F\u00fcr die BIVA pflegen wir die interne IT, die Mitgliederverwaltung sowie die Webseite. 2020 haben wir biva.de komplett neugestaltet. Anfang 2023 wurde die Webseite um einen internen Mitgliederbereich und ein Adressverzeichnis mit allen ambulanten und station\u00e4ren Pflegeanbietern erweitert.<\/div><blockquote class=\"x-testimonial e396-e17 mb0-1c\"><div class=\"x-testimonial-content\"><div class=\"x-testimonial-text\">Bei unserem umfassenden Relaunch 2021 \u2013 einer kompletten \u00c4nderung des Designs, der Sicherheitsarchitektur sowie der Einbindung der zugrundliegenden Datenbanken inklusive Synchronisationsprozessen \u2013 haben wir uns f\u00fcr die Zusammenarbeit mit den Karlsruher Softwareentwicklern craftcoders entschieden. Nach dem positiven und professionellen ersten Eindruck \u00fcberzeugte uns vor allem die gelebte agile Arbeitsweise sowie die F\u00e4higkeit, die richtigen Priorit\u00e4ten zu setzen und auch bei komplexen Rahmenbedingungen den \u00dcberblick zu behalten. Dank der schnellen, unkomplizierten Kommunikation, die auch f\u00fcr Nicht-ITler verst\u00e4ndlich war, kurzer Abstimmungswege, rascher Reaktionen und individueller L\u00f6sungen f\u00fchlen wir uns sowohl technisch als auch organisatorisch bis heute sehr gut aufgehoben. Auch die Ergebnisse sprechen f\u00fcr sich: Aufgrund der verbesserten Performance und durchdachten Struktur konnten wir den Traffic auf www.biva.de steigern und in Google-Rankings aufsteigen. Das best\u00e4tigen auch die User selbst: In einer Umfrage nach Relaunch bewerteten mehr als 90 Prozent das Layout und die \u00dcbersichtlichkeit der Seite als positiv. Wir freuen uns auf den weiteren Ausbau unserer Webseite. Die Entscheidung, auf craftcoders zu setzen, w\u00fcrden wir jederzeit wieder treffen!<\/div><span class=\"x-testimonial-cite\"><span class=\"x-testimonial-cite-content\"><span class=\"x-testimonial-cite-text\">Dr. David Kr&ouml;ll &ndash; Leiter Presse- und &Ouml;ffentlichkeitsarbeit &ndash; BIVA e. V.<\/span><\/span><\/span><\/div><\/blockquote><hr class=\"x-line e396-e18 mb0-1d\"><\/hr><a class=\"x-anchor x-anchor-button e396-e19 mb0-1e mb0-1f\" tabindex=\"0\" href=\"https:\/\/www.biva.de\" target=\"_blank\"><div class=\"x-anchor-content\"><div class=\"x-anchor-text\"><span class=\"x-anchor-text-primary\">ZUR WEBSITE<\/span><\/div><\/div><\/a><\/div><\/div><\/div><\/div><div class=\"x-section e396-e20 mb0-0 mb0-1 mb0-3 mb0-5\"><div class=\"x-row x-container max width e396-e21 mb0-7 mb0-9 mb0-a mb0-b mb0-f mb0-j\"><div class=\"x-row-inner\"><div class=\"x-col e396-e22 mb0-p mb0-t\"><div class=\"x-text x-text-headline e396-e23 mb0-17 mb0-18 mb0-1a\"><div class=\"x-text-content\"><div class=\"x-text-content-text\"><h2 class=\"x-text-content-text-primary\">mailto.wiki<\/h2><\/div><\/div><\/div><div class=\"x-text x-content e396-e24 mb0-w mb0-10 mb0-13 mb0-14\">Unser Confluence-Add-on mailto.wiki erm\u00f6glicht es, Confluence-Seiten und Blog-Posts per E-Mail zu erstellen und Confluence-Seiten als E-Mail zu versenden.<\/div><a class=\"x-anchor x-anchor-button e396-e25 mb0-1e mb0-1f\" tabindex=\"0\" href=\"https:\/\/mailto.wiki\/?lang=de\" target=\"_blank\"><div class=\"x-anchor-content\"><div class=\"x-anchor-text\"><span class=\"x-anchor-text-primary\">MEHR INFORMATIONEN<\/span><\/div><\/div><\/a><\/div><\/div><\/div><\/div><div class=\"x-section e396-e26 mb0-0 mb0-1 mb0-3 mb0-4\"><div class=\"x-row x-container max width e396-e27 mb0-7 mb0-9 mb0-b mb0-c mb0-f mb0-k\"><div class=\"x-row-inner\"><div class=\"x-col e396-e28 mb0-p mb0-r\"><span class=\"x-image e396-e29 mb0-16\"><img decoding=\"async\" src=\"https:\/\/craft-coders.de\/WordPress_SecureMode_01\/wp-content\/uploads\/2020\/09\/waschhaus-c.jpg\" width=\"1500\" height=\"767\" alt=\"Image\" loading=\"lazy\"><\/span><\/div><div class=\"x-col e396-e30 mb0-p mb0-r\"><div class=\"x-text x-text-headline e396-e31 mb0-17 mb0-18 mb0-19\"><div class=\"x-text-content\"><div class=\"x-text-content-text\"><h2 class=\"x-text-content-text-primary\">Waschhaus<br \/>Karlsruhe<\/h2><\/div><\/div><\/div><div class=\"x-text x-content e396-e32 mb0-w mb0-10 mb0-12 mb0-13\">Die neue Webpr\u00e4senz der beiden Karlsruher Waschh\u00e4user in der West- und S\u00fcdstadt.<\/div><a class=\"x-anchor x-anchor-button e396-e33 mb0-1e mb0-1f\" tabindex=\"0\" href=\"https:\/\/waschhaus-karlsruhe.de\/\" target=\"_blank\"><div class=\"x-anchor-content\"><div class=\"x-anchor-text\"><span class=\"x-anchor-text-primary\">ZUR WEBSITE<\/span><\/div><\/div><\/a><\/div><\/div><\/div><\/div><div class=\"x-section e396-e34 mb0-0 mb0-3 mb0-5 mb0-6\"><div class=\"x-row x-container max width e396-e35 mb0-7 mb0-a mb0-b mb0-d mb0-l mb0-m\"><div class=\"x-row-inner\"><div class=\"x-col e396-e36 mb0-p mb0-r\"><div class=\"x-text x-text-headline e396-e37 mb0-17 mb0-1b\"><div class=\"x-text-content\"><div class=\"x-text-content-text\"><h2 class=\"x-text-content-text-primary\">Neugierig geworden?<\/h2><\/div><\/div><\/div><div class=\"x-text x-content e396-e38 mb0-w mb0-10 mb0-13 mb0-15\">Egal, ob Sie Fragen haben, eine Projektidee im Kopf haben oder bereits genau wissen, was Sie m\u00f6chten: Z\u00f6gern Sie nicht, sich mit uns in Verbindung zu setzen.<\/div><\/div><\/div><\/div><div class=\"x-row x-container max width e396-e39 mb0-7 mb0-a mb0-d mb0-e mb0-l mb0-n\"><div class=\"x-row-inner\"><div class=\"x-col e396-e40 mb0-p mb0-q mb0-r mb0-u\"><a class=\"x-anchor x-anchor-button e396-e41 mb0-1e mb0-1g magic-t-link\" tabindex=\"0\" href=\"#\"><div class=\"x-anchor-content\"><div class=\"x-anchor-text\"><span class=\"x-anchor-text-primary\"><i data-x-icon-s=\"\uf095\" aria-hidden=\"true\" class=\"x-icon-phone\"><\/i>&nbsp;<span class=\"magic-t\"><span style=\"unicode-bidi:bidi-override;direction:rtl\">57544959 1270<\/span><\/span<\/span><\/div><\/div><\/a><\/div><div class=\"x-col e396-e42 mb0-p mb0-r mb0-u\"><a class=\"x-anchor x-anchor-button e396-e43 mb0-1e mb0-1g magic-e-link\" tabindex=\"0\" href=\"#\"><div class=\"x-anchor-content\"><div class=\"x-anchor-text\"><span class=\"x-anchor-text-primary\"><i data-x-icon-s=\"\uf0e0\" aria-hidden=\"true\" class=\"x-icon-envelope\"><\/i>&nbsp;<span class=\"magic-e\"><span style=\"unicode-bidi:bidi-override;direction:rtl\">ed.sredoc-tfarc@liam<\/span><\/span<\/span><\/div><\/div><\/a><\/div><div class=\"x-col e396-e44 mb0-p mb0-r mb0-u\"><a class=\"x-anchor x-anchor-button e396-e45 mb0-1e mb0-1g\" tabindex=\"0\" href=\"https:\/\/craft-coders.de\/WordPress_SecureMode_01\/contact\/\"><div class=\"x-anchor-content\"><div class=\"x-anchor-text\"><span class=\"x-anchor-text-primary\"><i data-x-icon-s=\"\uf815\" aria-hidden=\"true\" class=\"x-icon-pager\"><\/i>&nbsp;Kontaktformular<\/span><\/div><\/div><\/a><\/div><\/div><\/div><\/div><\/div>\n","protected":false},"excerpt":{"rendered":"<p>ReferenzenMachen Sie sich ein Bild unserer ErfahrungenHier finden Sie eine Auswahl an Projekten, die wir erfolgreich umgesetzt haben. Verschaffen Sie sich einen eigenen Eindruck und kaufen Sie nicht die Katze im Sack. Gerne senden wir Ihnen auf Wunsch weitere Informationen\/Beispiele zu.Biva.deSeit Jahren arbeiten wir vertrauensvoll mit dem BIVA-Pflegeschutzbund zusammen. F\u00fcr die BIVA pflegen wir die interne IT, die Mitgliederverwaltung sowie &#8230; <a href=\"https:\/\/craft-coders.de\/WordPress_SecureMode_01\/references\/\" class=\"more-link\">Read More<\/a><\/p>\n","protected":false},"author":1,"featured_media":0,"parent":0,"menu_order":4,"comment_status":"closed","ping_status":"closed","template":"template-blank-4.php","meta":{"_acf_changed":false,"inline_featured_image":false,"footnotes":""},"class_list":["post-396","page","type-page","status-publish","hentry","no-post-thumbnail"],"acf":[],"yoast_head":"<!-- This site is optimized with the Yoast SEO plugin v22.7 - https:\/\/yoast.com\/wordpress\/plugins\/seo\/ -->\n<title>Referenzen - CraftCoders<\/title>\n<meta name=\"description\" content=\"Das sagen unsere Kunden \u00fcber CraftCoders. Machen Sie sich ein Bild von unserer Arbeit.\" \/>\n<meta name=\"robots\" content=\"index, follow, max-snippet:-1, max-image-preview:large, max-video-preview:-1\" \/>\n<link rel=\"canonical\" href=\"https:\/\/craft-coders.de\/WordPress_SecureMode_01\/references\/\" \/>\n<meta property=\"og:locale\" content=\"de_DE\" \/>\n<meta property=\"og:type\" content=\"article\" \/>\n<meta property=\"og:title\" content=\"Referenzen - CraftCoders\" \/>\n<meta property=\"og:description\" content=\"Das sagen unsere Kunden \u00fcber CraftCoders. Machen Sie sich ein Bild von unserer Arbeit.\" \/>\n<meta property=\"og:url\" content=\"https:\/\/craft-coders.de\/WordPress_SecureMode_01\/references\/\" \/>\n<meta property=\"og:site_name\" content=\"CraftCoders\" \/>\n<meta property=\"article:modified_time\" content=\"2024-08-16T14:21:27+00:00\" \/>\n<meta name=\"twitter:card\" content=\"summary_large_image\" \/>\n<meta name=\"twitter:label1\" content=\"Gesch\u00e4tzte Lesezeit\" \/>\n\t<meta name=\"twitter:data1\" content=\"2\u00a0Minuten\" \/>\n<script type=\"application\/ld+json\" class=\"yoast-schema-graph\">{\"@context\":\"https:\/\/schema.org\",\"@graph\":[{\"@type\":\"WebPage\",\"@id\":\"https:\/\/craft-coders.de\/WordPress_SecureMode_01\/references\/\",\"url\":\"https:\/\/craft-coders.de\/WordPress_SecureMode_01\/references\/\",\"name\":\"Referenzen - CraftCoders\",\"isPartOf\":{\"@id\":\"https:\/\/craft-coders.de\/WordPress_SecureMode_01\/#website\"},\"datePublished\":\"2020-03-03T10:18:55+00:00\",\"dateModified\":\"2024-08-16T14:21:27+00:00\",\"description\":\"Das sagen unsere Kunden \u00fcber CraftCoders. Machen Sie sich ein Bild von unserer Arbeit.\",\"breadcrumb\":{\"@id\":\"https:\/\/craft-coders.de\/WordPress_SecureMode_01\/references\/#breadcrumb\"},\"inLanguage\":\"de\",\"potentialAction\":[{\"@type\":\"ReadAction\",\"target\":[\"https:\/\/craft-coders.de\/WordPress_SecureMode_01\/references\/\"]}]},{\"@type\":\"BreadcrumbList\",\"@id\":\"https:\/\/craft-coders.de\/WordPress_SecureMode_01\/references\/#breadcrumb\",\"itemListElement\":[{\"@type\":\"ListItem\",\"position\":1,\"name\":\"Startseite\",\"item\":\"https:\/\/craft-coders.de\/WordPress_SecureMode_01\/\"},{\"@type\":\"ListItem\",\"position\":2,\"name\":\"Referenzen\"}]},{\"@type\":\"WebSite\",\"@id\":\"https:\/\/craft-coders.de\/WordPress_SecureMode_01\/#website\",\"url\":\"https:\/\/craft-coders.de\/WordPress_SecureMode_01\/\",\"name\":\"CraftCoders\",\"description\":\"Software Engineering\",\"potentialAction\":[{\"@type\":\"SearchAction\",\"target\":{\"@type\":\"EntryPoint\",\"urlTemplate\":\"https:\/\/craft-coders.de\/WordPress_SecureMode_01\/?s={search_term_string}\"},\"query-input\":\"required name=search_term_string\"}],\"inLanguage\":\"de\"}]}<\/script>\n<!-- \/ Yoast SEO plugin. -->","yoast_head_json":{"title":"Referenzen - CraftCoders","description":"Das sagen unsere Kunden \u00fcber CraftCoders. Machen Sie sich ein Bild von unserer Arbeit.","robots":{"index":"index","follow":"follow","max-snippet":"max-snippet:-1","max-image-preview":"max-image-preview:large","max-video-preview":"max-video-preview:-1"},"canonical":"https:\/\/craft-coders.de\/WordPress_SecureMode_01\/references\/","og_locale":"de_DE","og_type":"article","og_title":"Referenzen - CraftCoders","og_description":"Das sagen unsere Kunden \u00fcber CraftCoders. Machen Sie sich ein Bild von unserer Arbeit.","og_url":"https:\/\/craft-coders.de\/WordPress_SecureMode_01\/references\/","og_site_name":"CraftCoders","article_modified_time":"2024-08-16T14:21:27+00:00","twitter_card":"summary_large_image","twitter_misc":{"Gesch\u00e4tzte Lesezeit":"2\u00a0Minuten"},"schema":{"@context":"https:\/\/schema.org","@graph":[{"@type":"WebPage","@id":"https:\/\/craft-coders.de\/WordPress_SecureMode_01\/references\/","url":"https:\/\/craft-coders.de\/WordPress_SecureMode_01\/references\/","name":"Referenzen - CraftCoders","isPartOf":{"@id":"https:\/\/craft-coders.de\/WordPress_SecureMode_01\/#website"},"datePublished":"2020-03-03T10:18:55+00:00","dateModified":"2024-08-16T14:21:27+00:00","description":"Das sagen unsere Kunden \u00fcber CraftCoders. Machen Sie sich ein Bild von unserer Arbeit.","breadcrumb":{"@id":"https:\/\/craft-coders.de\/WordPress_SecureMode_01\/references\/#breadcrumb"},"inLanguage":"de","potentialAction":[{"@type":"ReadAction","target":["https:\/\/craft-coders.de\/WordPress_SecureMode_01\/references\/"]}]},{"@type":"BreadcrumbList","@id":"https:\/\/craft-coders.de\/WordPress_SecureMode_01\/references\/#breadcrumb","itemListElement":[{"@type":"ListItem","position":1,"name":"Startseite","item":"https:\/\/craft-coders.de\/WordPress_SecureMode_01\/"},{"@type":"ListItem","position":2,"name":"Referenzen"}]},{"@type":"WebSite","@id":"https:\/\/craft-coders.de\/WordPress_SecureMode_01\/#website","url":"https:\/\/craft-coders.de\/WordPress_SecureMode_01\/","name":"CraftCoders","description":"Software Engineering","potentialAction":[{"@type":"SearchAction","target":{"@type":"EntryPoint","urlTemplate":"https:\/\/craft-coders.de\/WordPress_SecureMode_01\/?s={search_term_string}"},"query-input":"required name=search_term_string"}],"inLanguage":"de"}]}},"_links":{"self":[{"href":"https:\/\/craft-coders.de\/WordPress_SecureMode_01\/wp-json\/wp\/v2\/pages\/396","targetHints":{"allow":["GET"]}}],"collection":[{"href":"https:\/\/craft-coders.de\/WordPress_SecureMode_01\/wp-json\/wp\/v2\/pages"}],"about":[{"href":"https:\/\/craft-coders.de\/WordPress_SecureMode_01\/wp-json\/wp\/v2\/types\/page"}],"author":[{"embeddable":true,"href":"https:\/\/craft-coders.de\/WordPress_SecureMode_01\/wp-json\/wp\/v2\/users\/1"}],"replies":[{"embeddable":true,"href":"https:\/\/craft-coders.de\/WordPress_SecureMode_01\/wp-json\/wp\/v2\/comments?post=396"}],"version-history":[{"count":96,"href":"https:\/\/craft-coders.de\/WordPress_SecureMode_01\/wp-json\/wp\/v2\/pages\/396\/revisions"}],"predecessor-version":[{"id":2111,"href":"https:\/\/craft-coders.de\/WordPress_SecureMode_01\/wp-json\/wp\/v2\/pages\/396\/revisions\/2111"}],"wp:attachment":[{"href":"https:\/\/craft-coders.de\/WordPress_SecureMode_01\/wp-json\/wp\/v2\/media?parent=396"}],"curies":[{"name":"wp","href":"https:\/\/api.w.org\/{rel}","templated":true}]}}