{"id":1919,"date":"2022-05-30T07:47:18","date_gmt":"2022-05-30T07:47:18","guid":{"rendered":"https:\/\/craft-coders.de\/WordPress_SecureMode_01\/?page_id=1919"},"modified":"2024-08-16T17:12:04","modified_gmt":"2024-08-16T17:12:04","slug":"offer","status":"publish","type":"page","link":"https:\/\/craft-coders.de\/WordPress_SecureMode_01\/offer\/","title":{"rendered":"Angebot"},"content":{"rendered":"<div id=\"cs-content\" class=\"cs-content\"><div class=\"x-section e1919-e1 m1hb-0 m1hb-1 m1hb-2\"><div class=\"x-bg\" aria-hidden=\"true\"><div class=\"x-bg-layer-lower-custom\"><picture style=\" object-position: center;\" class=\"sp-no-webp\"><source srcset=\"https:\/\/craft-coders.de\/WordPress_SecureMode_01\/wp-content\/uploads\/2022\/05\/1564080871-huge.avif\" type=\"image\/avif\"><source srcset=\"https:\/\/craft-coders.de\/WordPress_SecureMode_01\/wp-content\/uploads\/2022\/05\/1564080871-huge.webp\" type=\"image\/webp\"><source srcset=\"https:\/\/craft-coders.de\/WordPress_SecureMode_01\/wp-content\/uploads\/2022\/05\/1564080871-huge.jpg\" type=\"image\/jpeg\"><img decoding=\"async\" src=\"https:\/\/craft-coders.de\/WordPress_SecureMode_01\/wp-content\/uploads\/2022\/05\/1564080871-huge.jpg\" style=\"object-fit: cover; object-position: center;\" class=\"sp-no-webp\" alt=\"Image\" srcset=\"https:\/\/craft-coders.de\/WordPress_SecureMode_01\/wp-content\/uploads\/2022\/05\/1564080871-huge.jpg\"><\/picture><\/div><\/div><div class=\"x-row e1919-e2 m1hb-7 m1hb-8 m1hb-9 m1hb-a m1hb-d m1hb-e\"><div class=\"x-row-inner\"><div class=\"x-col e1919-e3 m1hb-k m1hb-l m1hb-m\"><div class=\"x-text x-content e1919-e4 m1hb-p m1hb-q m1hb-r m1hb-s\"><h1>Unser Angebot<\/h1><\/div><div class=\"x-text x-content e1919-e5 m1hb-q m1hb-r m1hb-t\"><h2>Webauftritte und Individualsoftware<\/h2><\/div><\/div><\/div><\/div><\/div><div class=\"x-section e1919-e6 m1hb-0 m1hb-1 m1hb-3 m1hb-4\"><div class=\"x-row x-container max width e1919-e7 m1hb-7 m1hb-9 m1hb-a m1hb-d m1hb-f\"><div class=\"x-row-inner\"><div class=\"x-col e1919-e8 m1hb-l m1hb-n\"><ul  class=\"x-feature-list\"  data-x-element=\"feature_list\" data-x-params=\"{&quot;animationOffset&quot;:&quot;50&quot;,&quot;animationDelayInitial&quot;:&quot;0&quot;,&quot;animationDelayBetween&quot;:&quot;300&quot;}\"><li  class=\"x-feature-box left-text top-text cf\" style=\" max-width: none;\" data-x-element=\"feature_box\" data-x-params=\"{&quot;child&quot;:true,&quot;graphicAnimation&quot;:&quot;none&quot;,&quot;connectorAnimation&quot;:&quot;none&quot;,&quot;alignH&quot;:&quot;left&quot;,&quot;alignV&quot;:&quot;top&quot;}\"><span class=\"x-feature-box-connector full\" style=\"font-size: 60px; left: 0; right: calc(100% - 60px); border-left: 1px solid transparent;\"><\/span><div class=\"x-feature-box-graphic circle \"><div class=\"x-feature-box-graphic-outer circle\" style=\" margin-right: 20px;\"><div class=\"x-feature-box-graphic-inner circle\" style=\"font-size: 60px;\"><i class=\"x-icon-atlassian circle\" data-x-icon-b=\"&#xf77b;\"  style=\"margin: 0 auto; color: #ffffff; background-color: rgb(234, 178, 100);\"><\/i><\/div><\/div><\/div><div class=\"x-feature-box-content \"><h4 class=\"x-feature-box-title\">Jira und Confluence Add-ons<\/h4><p class=\"x-feature-box-text\" style=\"color: rgb(83,83,83);\">Nutzen Sie Jira oder Confluence und vermissen eine bestimmte Funktion? Holen Sie noch mehr aus diesen Tools heraus mit benutzerdefinierten Add-ons. Wir bieten exklusive Entwicklungen an, sind aber auch stets auf der Suche nach neuen, spannenden Ideen.<\/p><\/div><\/li><\/ul><a class=\"x-anchor x-anchor-button e1919-e11 m1hb-x m1hb-y\" tabindex=\"0\" href=\"https:\/\/craft-coders.de\/WordPress_SecureMode_01\/custom-atlassian-apps\/\"><div class=\"x-anchor-content\"><div class=\"x-anchor-text\"><span class=\"x-anchor-text-primary\">Jira &amp; Confluence Add-Ons<\/span><\/div><\/div><\/a><hr class=\"x-line e1919-e12 m1hb-10\"><\/hr><ul  class=\"x-feature-list\"  data-x-element=\"feature_list\" data-x-params=\"{&quot;animationOffset&quot;:&quot;50&quot;,&quot;animationDelayInitial&quot;:&quot;0&quot;,&quot;animationDelayBetween&quot;:&quot;300&quot;}\"><li  class=\"x-feature-box left-text top-text cf\" style=\" max-width: none;\" data-x-element=\"feature_box\" data-x-params=\"{&quot;child&quot;:true,&quot;graphicAnimation&quot;:&quot;none&quot;,&quot;connectorAnimation&quot;:&quot;none&quot;,&quot;alignH&quot;:&quot;left&quot;,&quot;alignV&quot;:&quot;top&quot;}\"><span class=\"x-feature-box-connector full\" style=\"font-size: 60px; left: 0; right: calc(100% - 60px); border-left: 1px solid transparent;\"><\/span><div class=\"x-feature-box-graphic circle \"><div class=\"x-feature-box-graphic-outer circle\" style=\" margin-right: 20px;\"><div class=\"x-feature-box-graphic-inner circle\" style=\"font-size: 60px;\"><i class=\"x-icon-laptop-code circle\" data-x-icon-s=\"&#xf5fc;\"  style=\"margin: 0 auto; color: #ffffff; background-color: rgb(234, 178, 100);\"><\/i><\/div><\/div><\/div><div class=\"x-feature-box-content \"><h4 class=\"x-feature-box-title\">Professionelle Webauftritte<\/h4><p class=\"x-feature-box-text\" style=\"color: rgb(83,83,83);\">In Zeiten zunehmender Vernetzung gewinnen attraktive Webauftritte immer mehr an Bedeutung. Wir bieten sowohl die \u00dcbernahme und Auffrischung bestehender Webseiten als auch komplette Neuentwicklungen an.<\/p><\/div><\/li><\/ul><a class=\"x-anchor x-anchor-button e1919-e15 m1hb-x m1hb-y\" tabindex=\"0\" href=\"https:\/\/craft-coders.de\/WordPress_SecureMode_01\/websites\/\"><div class=\"x-anchor-content\"><div class=\"x-anchor-text\"><span class=\"x-anchor-text-primary\">Webseiten<\/span><\/div><\/div><\/a><hr class=\"x-line e1919-e16 m1hb-10\"><\/hr><ul  class=\"x-feature-list\"  data-x-element=\"feature_list\" data-x-params=\"{&quot;animationOffset&quot;:&quot;50&quot;,&quot;animationDelayInitial&quot;:&quot;0&quot;,&quot;animationDelayBetween&quot;:&quot;300&quot;}\"><li  class=\"x-feature-box left-text top-text cf\" style=\" max-width: none;\" data-x-element=\"feature_box\" data-x-params=\"{&quot;child&quot;:true,&quot;graphicAnimation&quot;:&quot;none&quot;,&quot;connectorAnimation&quot;:&quot;none&quot;,&quot;alignH&quot;:&quot;left&quot;,&quot;alignV&quot;:&quot;top&quot;}\"><span class=\"x-feature-box-connector full\" style=\"font-size: 60px; left: 0; right: calc(100% - 60px); border-left: 1px solid transparent;\"><\/span><div class=\"x-feature-box-graphic circle \"><div class=\"x-feature-box-graphic-outer circle\" style=\" margin-right: 20px;\"><div class=\"x-feature-box-graphic-inner circle\" style=\"font-size: 60px;\"><i class=\"x-icon-cloud circle\" data-x-icon-s=\"&#xf0c2;\"  style=\"margin: 0 auto; color: #ffffff; background-color: rgb(234, 178, 100);\"><\/i><\/div><\/div><\/div><div class=\"x-feature-box-content \"><h4 class=\"x-feature-box-title\">Komplexe Webanwendungen<\/h4><p class=\"x-feature-box-text\" style=\"color: rgb(83,83,83);\">Ob Admin-Tool oder B\u00fcrosoftware \u2013 fast alles, wof\u00fcr man fr\u00fcher eine Desktop-Anwendung ben\u00f6tigte, kann heute auch als Web-App realisiert werden. Ohne komplizierte Installation, Updates oder Synchronisierungsprobleme.<\/p><\/div><\/li><\/ul><a class=\"x-anchor x-anchor-button e1919-e19 m1hb-x m1hb-y\" tabindex=\"0\" href=\"https:\/\/craft-coders.de\/WordPress_SecureMode_01\/web-applications\/\"><div class=\"x-anchor-content\"><div class=\"x-anchor-text\"><span class=\"x-anchor-text-primary\">Webanwendungen<\/span><\/div><\/div><\/a><\/div><div class=\"x-col e1919-e20 m1hb-l\"><span class=\"x-image e1919-e21 m1hb-11\"><img decoding=\"async\" src=\"https:\/\/craft-coders.de\/WordPress_SecureMode_01\/wp-content\/uploads\/2022\/05\/webdev.png\" width=\"600\" height=\"360\" alt=\"Image\" loading=\"lazy\"><\/span><\/div><\/div><\/div><\/div><div class=\"x-section e1919-e22 m1hb-0 m1hb-1 m1hb-2 m1hb-5\"><div class=\"x-row e1919-e23 m1hb-7 m1hb-a m1hb-b m1hb-g m1hb-h\"><div class=\"x-row-inner\"><div class=\"x-col e1919-e24 m1hb-l\"><div class=\"x-text x-content e1919-e25 m1hb-p m1hb-q m1hb-u m1hb-v\"><iframe loading=\"lazy\" width=\"767px\" height=\"1000px\" src=\"https:\/\/forms.office.com\/Pages\/ResponsePage.aspx?id=5vJ87SJLIkq-I4vF436ix_GZwG0S0eBBmKnlrM3ati5UN09TM1MxQzlZRFUyTURLQjcwTzg3WFBLMC4u&embed=true\" frameborder=\"0\" marginwidth=\"0\" marginheight=\"0\" allowfullscreen=\"allowfullscreen\" webkitallowfullscreen=\"webkitallowfullscreen\" mozallowfullscreen=\"mozallowfullscreen\" msallowfullscreen=\"\"> <\/iframe><\/div><\/div><\/div><\/div><\/div><div class=\"x-section e1919-e26 m1hb-0 m1hb-4 m1hb-6\"><div class=\"x-row x-container max width e1919-e27 m1hb-7 m1hb-a m1hb-b m1hb-g m1hb-i\"><div class=\"x-row-inner\"><div class=\"x-col e1919-e28 m1hb-l\"><div class=\"x-text x-text-headline e1919-e29 m1hb-12\"><div class=\"x-text-content\"><div class=\"x-text-content-text\"><h2 class=\"x-text-content-text-primary\">Wir helfen gerne weiter<\/h2><\/div><\/div><\/div><div class=\"x-text x-content e1919-e30 m1hb-q m1hb-u m1hb-w\"><p>Egal ob Sie Fragen an uns haben, Ihnen eine Projektidee im Kopf schwebt, oder Sie schon genau wissen, was Sie m&ouml;chten: Z&ouml;gern Sie nicht, sich mit uns in Verbindung zu setzen.<\/p><\/div><\/div><\/div><\/div><div class=\"x-row x-container max width e1919-e31 m1hb-7 m1hb-b m1hb-c m1hb-g m1hb-j\"><div class=\"x-row-inner\"><div class=\"x-col e1919-e32 m1hb-l m1hb-m m1hb-o\"><a class=\"x-anchor x-anchor-button e1919-e33 m1hb-y m1hb-z magic-t-link\" tabindex=\"0\" href=\"#\"><div class=\"x-anchor-content\"><div class=\"x-anchor-text\"><span class=\"x-anchor-text-primary\"><i data-x-icon-s=\"\uf095\" aria-hidden=\"true\" class=\"x-icon-phone\"><\/i>&nbsp;<span class=\"magic-t\"><span style=\"unicode-bidi:bidi-override;direction:rtl\">57544959 1270<\/span><\/span<\/span><\/div><\/div><\/a><\/div><div class=\"x-col e1919-e34 m1hb-l m1hb-o\"><a class=\"x-anchor x-anchor-button e1919-e35 m1hb-y m1hb-z magic-e-link\" tabindex=\"0\" href=\"#\"><div class=\"x-anchor-content\"><div class=\"x-anchor-text\"><span class=\"x-anchor-text-primary\"><i data-x-icon-s=\"\uf0e0\" aria-hidden=\"true\" class=\"x-icon-envelope\"><\/i>&nbsp;<span class=\"magic-e\"><span style=\"unicode-bidi:bidi-override;direction:rtl\">ed.sredoc-tfarc@liam<\/span><\/span<\/span><\/div><\/div><\/a><\/div><div class=\"x-col e1919-e36 m1hb-l m1hb-o\"><a class=\"x-anchor x-anchor-button e1919-e37 m1hb-y m1hb-z\" tabindex=\"0\" href=\"https:\/\/craft-coders.de\/WordPress_SecureMode_01\/contact\/\"><div class=\"x-anchor-content\"><div class=\"x-anchor-text\"><span class=\"x-anchor-text-primary\"><i data-x-icon-s=\"\uf815\" aria-hidden=\"true\" class=\"x-icon-pager\"><\/i>&nbsp;Kontaktformular<\/span><\/div><\/div><\/a><\/div><\/div><\/div><\/div><\/div>\n","protected":false},"excerpt":{"rendered":"<p>Unser AngebotWebauftritte und IndividualsoftwareJira und Confluence Add-onsNutzen Sie Jira oder Confluence und vermissen eine bestimmte Funktion? Holen Sie noch mehr aus diesen Tools heraus mit benutzerdefinierten Add-ons. Wir bieten exklusive Entwicklungen an, sind aber auch stets auf der Suche nach neuen, spannenden Ideen.Jira &amp; Confluence Add-OnsProfessionelle WebauftritteIn Zeiten zunehmender Vernetzung gewinnen attraktive Webauftritte immer mehr an Bedeutung. Wir bieten sowohl &#8230; <a href=\"https:\/\/craft-coders.de\/WordPress_SecureMode_01\/offer\/\" class=\"more-link\">Read More<\/a><\/p>\n","protected":false},"author":2,"featured_media":0,"parent":0,"menu_order":0,"comment_status":"closed","ping_status":"closed","template":"template-blank-4.php","meta":{"_acf_changed":false,"inline_featured_image":false,"footnotes":""},"class_list":["post-1919","page","type-page","status-publish","hentry","no-post-thumbnail"],"acf":[],"yoast_head":"<!-- This site is optimized with the Yoast SEO plugin v22.7 - https:\/\/yoast.com\/wordpress\/plugins\/seo\/ -->\n<title>Angebot - CraftCoders<\/title>\n<meta name=\"description\" content=\"Unser Angebot f\u00fcr Jira und Confluence Add-ons, profesionelle Webauftritte und komplexe Webanwendungen.\" \/>\n<meta name=\"robots\" content=\"index, follow, max-snippet:-1, max-image-preview:large, max-video-preview:-1\" \/>\n<link rel=\"canonical\" href=\"https:\/\/craft-coders.de\/WordPress_SecureMode_01\/offer\/\" \/>\n<meta property=\"og:locale\" content=\"de_DE\" \/>\n<meta property=\"og:type\" content=\"article\" \/>\n<meta property=\"og:title\" content=\"Angebot - CraftCoders\" \/>\n<meta property=\"og:description\" content=\"Unser Angebot f\u00fcr Jira und Confluence Add-ons, profesionelle Webauftritte und komplexe Webanwendungen.\" \/>\n<meta property=\"og:url\" content=\"https:\/\/craft-coders.de\/WordPress_SecureMode_01\/offer\/\" \/>\n<meta property=\"og:site_name\" content=\"CraftCoders\" \/>\n<meta property=\"article:modified_time\" content=\"2024-08-16T17:12:04+00:00\" \/>\n<meta name=\"twitter:card\" content=\"summary_large_image\" \/>\n<meta name=\"twitter:label1\" content=\"Gesch\u00e4tzte Lesezeit\" \/>\n\t<meta name=\"twitter:data1\" content=\"2\u00a0Minuten\" \/>\n<script type=\"application\/ld+json\" class=\"yoast-schema-graph\">{\"@context\":\"https:\/\/schema.org\",\"@graph\":[{\"@type\":\"WebPage\",\"@id\":\"https:\/\/craft-coders.de\/WordPress_SecureMode_01\/offer\/\",\"url\":\"https:\/\/craft-coders.de\/WordPress_SecureMode_01\/offer\/\",\"name\":\"Angebot - CraftCoders\",\"isPartOf\":{\"@id\":\"https:\/\/craft-coders.de\/WordPress_SecureMode_01\/#website\"},\"datePublished\":\"2022-05-30T07:47:18+00:00\",\"dateModified\":\"2024-08-16T17:12:04+00:00\",\"description\":\"Unser Angebot f\u00fcr Jira und Confluence Add-ons, profesionelle Webauftritte und komplexe Webanwendungen.\",\"breadcrumb\":{\"@id\":\"https:\/\/craft-coders.de\/WordPress_SecureMode_01\/offer\/#breadcrumb\"},\"inLanguage\":\"de\",\"potentialAction\":[{\"@type\":\"ReadAction\",\"target\":[\"https:\/\/craft-coders.de\/WordPress_SecureMode_01\/offer\/\"]}]},{\"@type\":\"BreadcrumbList\",\"@id\":\"https:\/\/craft-coders.de\/WordPress_SecureMode_01\/offer\/#breadcrumb\",\"itemListElement\":[{\"@type\":\"ListItem\",\"position\":1,\"name\":\"Startseite\",\"item\":\"https:\/\/craft-coders.de\/WordPress_SecureMode_01\/\"},{\"@type\":\"ListItem\",\"position\":2,\"name\":\"Angebot\"}]},{\"@type\":\"WebSite\",\"@id\":\"https:\/\/craft-coders.de\/WordPress_SecureMode_01\/#website\",\"url\":\"https:\/\/craft-coders.de\/WordPress_SecureMode_01\/\",\"name\":\"CraftCoders\",\"description\":\"Software Engineering\",\"potentialAction\":[{\"@type\":\"SearchAction\",\"target\":{\"@type\":\"EntryPoint\",\"urlTemplate\":\"https:\/\/craft-coders.de\/WordPress_SecureMode_01\/?s={search_term_string}\"},\"query-input\":\"required name=search_term_string\"}],\"inLanguage\":\"de\"}]}<\/script>\n<!-- \/ Yoast SEO plugin. -->","yoast_head_json":{"title":"Angebot - CraftCoders","description":"Unser Angebot f\u00fcr Jira und Confluence Add-ons, profesionelle Webauftritte und komplexe Webanwendungen.","robots":{"index":"index","follow":"follow","max-snippet":"max-snippet:-1","max-image-preview":"max-image-preview:large","max-video-preview":"max-video-preview:-1"},"canonical":"https:\/\/craft-coders.de\/WordPress_SecureMode_01\/offer\/","og_locale":"de_DE","og_type":"article","og_title":"Angebot - CraftCoders","og_description":"Unser Angebot f\u00fcr Jira und Confluence Add-ons, profesionelle Webauftritte und komplexe Webanwendungen.","og_url":"https:\/\/craft-coders.de\/WordPress_SecureMode_01\/offer\/","og_site_name":"CraftCoders","article_modified_time":"2024-08-16T17:12:04+00:00","twitter_card":"summary_large_image","twitter_misc":{"Gesch\u00e4tzte Lesezeit":"2\u00a0Minuten"},"schema":{"@context":"https:\/\/schema.org","@graph":[{"@type":"WebPage","@id":"https:\/\/craft-coders.de\/WordPress_SecureMode_01\/offer\/","url":"https:\/\/craft-coders.de\/WordPress_SecureMode_01\/offer\/","name":"Angebot - CraftCoders","isPartOf":{"@id":"https:\/\/craft-coders.de\/WordPress_SecureMode_01\/#website"},"datePublished":"2022-05-30T07:47:18+00:00","dateModified":"2024-08-16T17:12:04+00:00","description":"Unser Angebot f\u00fcr Jira und Confluence Add-ons, profesionelle Webauftritte und komplexe Webanwendungen.","breadcrumb":{"@id":"https:\/\/craft-coders.de\/WordPress_SecureMode_01\/offer\/#breadcrumb"},"inLanguage":"de","potentialAction":[{"@type":"ReadAction","target":["https:\/\/craft-coders.de\/WordPress_SecureMode_01\/offer\/"]}]},{"@type":"BreadcrumbList","@id":"https:\/\/craft-coders.de\/WordPress_SecureMode_01\/offer\/#breadcrumb","itemListElement":[{"@type":"ListItem","position":1,"name":"Startseite","item":"https:\/\/craft-coders.de\/WordPress_SecureMode_01\/"},{"@type":"ListItem","position":2,"name":"Angebot"}]},{"@type":"WebSite","@id":"https:\/\/craft-coders.de\/WordPress_SecureMode_01\/#website","url":"https:\/\/craft-coders.de\/WordPress_SecureMode_01\/","name":"CraftCoders","description":"Software Engineering","potentialAction":[{"@type":"SearchAction","target":{"@type":"EntryPoint","urlTemplate":"https:\/\/craft-coders.de\/WordPress_SecureMode_01\/?s={search_term_string}"},"query-input":"required name=search_term_string"}],"inLanguage":"de"}]}},"_links":{"self":[{"href":"https:\/\/craft-coders.de\/WordPress_SecureMode_01\/wp-json\/wp\/v2\/pages\/1919","targetHints":{"allow":["GET"]}}],"collection":[{"href":"https:\/\/craft-coders.de\/WordPress_SecureMode_01\/wp-json\/wp\/v2\/pages"}],"about":[{"href":"https:\/\/craft-coders.de\/WordPress_SecureMode_01\/wp-json\/wp\/v2\/types\/page"}],"author":[{"embeddable":true,"href":"https:\/\/craft-coders.de\/WordPress_SecureMode_01\/wp-json\/wp\/v2\/users\/2"}],"replies":[{"embeddable":true,"href":"https:\/\/craft-coders.de\/WordPress_SecureMode_01\/wp-json\/wp\/v2\/comments?post=1919"}],"version-history":[{"count":17,"href":"https:\/\/craft-coders.de\/WordPress_SecureMode_01\/wp-json\/wp\/v2\/pages\/1919\/revisions"}],"predecessor-version":[{"id":2115,"href":"https:\/\/craft-coders.de\/WordPress_SecureMode_01\/wp-json\/wp\/v2\/pages\/1919\/revisions\/2115"}],"wp:attachment":[{"href":"https:\/\/craft-coders.de\/WordPress_SecureMode_01\/wp-json\/wp\/v2\/media?parent=1919"}],"curies":[{"name":"wp","href":"https:\/\/api.w.org\/{rel}","templated":true}]}}